{"id":82,"date":"2022-04-04T09:57:50","date_gmt":"2022-04-04T09:57:50","guid":{"rendered":"https:\/\/nysida.peribo.se\/?page_id=82"},"modified":"2022-04-27T14:30:35","modified_gmt":"2022-04-27T14:30:35","slug":"retail-offentliga-miljoer","status":"publish","type":"page","link":"https:\/\/peribo.se\/?page_id=82","title":{"rendered":"RETAIL &#038; OFFENTLIGA MILJ\u00d6ER"},"content":{"rendered":"<p>[et_pb_section fb_built=&#8221;1&#8243; _builder_version=&#8221;4.16.0&#8243; _module_preset=&#8221;default&#8221; background_color=&#8221;#4f4f4f&#8221; background_image=&#8221;https:\/\/peribo.se\/wp-content\/uploads\/2022\/04\/solo1.jpg&#8221; background_position=&#8221;top_center&#8221; background_vertical_offset=&#8221;35%&#8221; background_blend=&#8221;soft-light&#8221; custom_margin=&#8221;||0px|||&#8221; custom_padding=&#8221;||294px|||&#8221; global_colors_info=&#8221;{}&#8221;][\/et_pb_section][et_pb_section fb_built=&#8221;1&#8243; _builder_version=&#8221;4.16.0&#8243; _module_preset=&#8221;default&#8221; custom_padding=&#8221;40px||40px||false|false&#8221; global_colors_info=&#8221;{}&#8221;][et_pb_row column_structure=&#8221;1_2,1_2&#8243; _builder_version=&#8221;4.16.0&#8243; _module_preset=&#8221;default&#8221; global_colors_info=&#8221;{}&#8221;][et_pb_column type=&#8221;1_2&#8243; _builder_version=&#8221;4.16.0&#8243; _module_preset=&#8221;default&#8221; global_colors_info=&#8221;{}&#8221;][et_pb_text _builder_version=&#8221;4.16.0&#8243; _module_preset=&#8221;default&#8221; text_text_color=&#8221;#242424&#8243; text_font_size=&#8221;18px&#8221; header_font=&#8221;|600|||||||&#8221; header_font_size=&#8221;33px&#8221; global_colors_info=&#8221;{}&#8221; custom_padding=&#8221;107px|||||&#8221;]<\/p>\n<div data-vc-full-width=\"true\" data-vc-full-width-init=\"true\" class=\"vc_row wpb_row vc_row-fluid\">\n<div class=\"wpb_column vc_column_container vc_col-sm-12\">\n<div class=\"vc_column-inner\">\n<div class=\"wpb_wrapper\">\n<div class=\"wpb_text_column wpb_content_element \">\n<div class=\"wpb_wrapper\">\n<div class=\"wpb_column vc_column_container vc_col-sm-6\">\n<div class=\"vc_column-inner\">\n<div class=\"wpb_wrapper\">\n<div class=\"wpb_text_column wpb_content_element \">\n<div class=\"wpb_wrapper\">\n<h1 style=\"text-align: left;\">Retail &amp; Offentliga milj\u00f6er<\/h1>\n<\/div>\n<\/div>\n<div class=\"vc_separator wpb_content_element vc_separator_align_center vc_sep_width_20 vc_sep_border_width_2 vc_sep_pos_align_left vc_separator_no_text\" style=\"text-align: left;\"><span class=\"vc_sep_holder vc_sep_holder_l\"><span class=\"vc_sep_line\"><\/span><\/span><\/div>\n<div class=\"wpb_text_column wpb_content_element \" style=\"text-align: left;\">\n<div class=\"wpb_wrapper\">\n<p>&nbsp;<\/p>\n<p>Vi hj\u00e4lper dig med butiksetablering, hyresg\u00e4stanpassningar och kontorsmilj\u00f6er. Med v\u00e5rat breda kontaktn\u00e4t kan vi hj\u00e4lpa dig med etableringar i hela Norden. Fr\u00e5n planeringsstadiet till f\u00e4rdigt koncept! Vi samordnar alla yrkesgrupper och ser till att din resa blir s\u00e5 enkel och smidig som m\u00f6jligt!<\/p>\n<\/div>\n<\/div>\n<\/div>\n<\/div>\n<\/div>\n<div class=\"wpb_column vc_column_container vc_col-sm-6\">\n<div class=\"vc_column-inner\">\n<div class=\"wpb_wrapper\" style=\"text-align: left;\"><\/div>\n<\/div>\n<\/div>\n<\/div>\n<\/div>\n<\/div>\n<\/div>\n<\/div>\n<\/div>\n<p>[\/et_pb_text][\/et_pb_column][et_pb_column type=&#8221;1_2&#8243; _builder_version=&#8221;4.16.0&#8243; _module_preset=&#8221;default&#8221; global_colors_info=&#8221;{}&#8221;][et_pb_image src=&#8221;https:\/\/peribo.se\/wp-content\/uploads\/2022\/04\/received_244283807222867-scaled.jpeg&#8221; title_text=&#8221;received_244283807222867&#8243; _builder_version=&#8221;4.16.0&#8243; _module_preset=&#8221;default&#8221; width=&#8221;100%&#8221; max_width=&#8221;100%&#8221; custom_margin=&#8221;||8px|||&#8221; global_colors_info=&#8221;{}&#8221;][\/et_pb_image][\/et_pb_column][\/et_pb_row][\/et_pb_section]<\/p>\n","protected":false},"excerpt":{"rendered":"<p>Retail &amp; Offentliga milj\u00f6er &nbsp; Vi hj\u00e4lper dig med butiksetablering, hyresg\u00e4stanpassningar och kontorsmilj\u00f6er. Med v\u00e5rat breda kontaktn\u00e4t kan vi hj\u00e4lpa dig med etableringar i hela Norden. Fr\u00e5n planeringsstadiet till f\u00e4rdigt koncept! Vi samordnar alla yrkesgrupper och ser till att din resa blir s\u00e5 enkel och smidig som m\u00f6jligt!<\/p>\n","protected":false},"author":1,"featured_media":0,"parent":0,"menu_order":0,"comment_status":"closed","ping_status":"closed","template":"","meta":{"_et_pb_use_builder":"on","_et_pb_old_content":"","_et_gb_content_width":"","footnotes":""},"class_list":["post-82","page","type-page","status-publish","hentry"],"_links":{"self":[{"href":"https:\/\/peribo.se\/index.php?rest_route=\/wp\/v2\/pages\/82","targetHints":{"allow":["GET"]}}],"collection":[{"href":"https:\/\/peribo.se\/index.php?rest_route=\/wp\/v2\/pages"}],"about":[{"href":"https:\/\/peribo.se\/index.php?rest_route=\/wp\/v2\/types\/page"}],"author":[{"embeddable":true,"href":"https:\/\/peribo.se\/index.php?rest_route=\/wp\/v2\/users\/1"}],"replies":[{"embeddable":true,"href":"https:\/\/peribo.se\/index.php?rest_route=%2Fwp%2Fv2%2Fcomments&post=82"}],"version-history":[{"count":7,"href":"https:\/\/peribo.se\/index.php?rest_route=\/wp\/v2\/pages\/82\/revisions"}],"predecessor-version":[{"id":471,"href":"https:\/\/peribo.se\/index.php?rest_route=\/wp\/v2\/pages\/82\/revisions\/471"}],"wp:attachment":[{"href":"https:\/\/peribo.se\/index.php?rest_route=%2Fwp%2Fv2%2Fmedia&parent=82"}],"curies":[{"name":"wp","href":"https:\/\/api.w.org\/{rel}","templated":true}]}}