{"id":48,"date":"2022-04-04T07:43:31","date_gmt":"2022-04-04T07:43:31","guid":{"rendered":"https:\/\/nysida.peribo.se\/?page_id=48"},"modified":"2022-04-27T14:26:48","modified_gmt":"2022-04-27T14:26:48","slug":"om-peribo","status":"publish","type":"page","link":"https:\/\/peribo.se\/?page_id=48","title":{"rendered":"OM PERIBO"},"content":{"rendered":"<p>[et_pb_section fb_built=&#8221;1&#8243; _builder_version=&#8221;4.16.0&#8243; _module_preset=&#8221;default&#8221; background_color=&#8221;#4f4f4f&#8221; background_image=&#8221;https:\/\/peribo.se\/wp-content\/uploads\/2022\/04\/solo1.jpg&#8221; background_position=&#8221;top_center&#8221; background_vertical_offset=&#8221;35%&#8221; background_blend=&#8221;soft-light&#8221; custom_margin=&#8221;||0px|||&#8221; custom_padding=&#8221;60px||292px|||&#8221; global_colors_info=&#8221;{}&#8221;][\/et_pb_section][et_pb_section fb_built=&#8221;1&#8243; _builder_version=&#8221;4.16.0&#8243; _module_preset=&#8221;default&#8221; custom_padding=&#8221;40px||40px||false|false&#8221; global_colors_info=&#8221;{}&#8221;][et_pb_row column_structure=&#8221;1_2,1_2&#8243; _builder_version=&#8221;4.16.0&#8243; _module_preset=&#8221;default&#8221; global_colors_info=&#8221;{}&#8221;][et_pb_column type=&#8221;1_2&#8243; _builder_version=&#8221;4.16.0&#8243; _module_preset=&#8221;default&#8221; global_colors_info=&#8221;{}&#8221;][et_pb_text _builder_version=&#8221;4.16.0&#8243; _module_preset=&#8221;default&#8221; text_font_size=&#8221;18px&#8221; header_font=&#8221;|600|||||||&#8221; header_font_size=&#8221;33px&#8221; global_colors_info=&#8221;{}&#8221; custom_margin=&#8221;57px|||||&#8221;]<\/p>\n<div data-vc-full-width=\"true\" data-vc-full-width-init=\"true\" class=\"vc_row wpb_row vc_row-fluid\">\n<div class=\"wpb_column vc_column_container vc_col-sm-12\">\n<div class=\"vc_column-inner\">\n<div class=\"wpb_wrapper\">\n<div class=\"wpb_text_column wpb_content_element \">\n<div class=\"wpb_wrapper\">\n<h1>Om Peribo<\/h1>\n<p>&nbsp;<\/p>\n<\/div>\n<\/div>\n<\/div>\n<\/div>\n<\/div>\n<\/div>\n<div class=\"vc_row wpb_row vc_row-fluid\">\n<div class=\"wpb_column vc_column_container vc_col-sm-8\">\n<div class=\"vc_column-inner\">\n<div class=\"wpb_wrapper\">\n<div class=\"wpb_text_column wpb_content_element \">\n<div class=\"wpb_wrapper\">\n<h4>Peribo startades 2004 som ett fastighetsbolag. Under \u00e5rens lopp har f\u00f6retaget g\u00e5tt fr\u00e5n att vara ett f\u00f6retag som l\u00e4gger tak till att leda enteprenader, stora som sm\u00e5. Vi har v\u00e5ra egna arbetsledare, snickare och m\u00e5lare som inte r\u00e4ds nya utmaningar. Vi har ett rikst\u00e4ckande kontaktn\u00e4t av underentepren\u00f6rer som hj\u00e4lper oss fr\u00e5n start till m\u00e5l med ditt projekt!<\/h4>\n<\/div>\n<\/div>\n<\/div>\n<\/div>\n<\/div>\n<\/div>\n<p>[\/et_pb_text][\/et_pb_column][et_pb_column type=&#8221;1_2&#8243; _builder_version=&#8221;4.16.0&#8243; _module_preset=&#8221;default&#8221; global_colors_info=&#8221;{}&#8221;][et_pb_image src=&#8221;https:\/\/peribo.se\/wp-content\/uploads\/2022\/04\/VOLT4.jpg&#8221; title_text=&#8221;VOLT4&#8243; _builder_version=&#8221;4.16.0&#8243; _module_preset=&#8221;default&#8221; width=&#8221;75.8%&#8221; global_colors_info=&#8221;{}&#8221;][\/et_pb_image][\/et_pb_column][\/et_pb_row][\/et_pb_section][et_pb_section fb_built=&#8221;1&#8243; _builder_version=&#8221;4.16.0&#8243; _module_preset=&#8221;default&#8221; background_color=&#8221;#333333&#8243; custom_padding=&#8221;25px||16px|||&#8221; global_colors_info=&#8221;{}&#8221;][et_pb_row _builder_version=&#8221;4.16.0&#8243; _module_preset=&#8221;default&#8221; global_colors_info=&#8221;{}&#8221;][et_pb_column type=&#8221;4_4&#8243; _builder_version=&#8221;4.16.0&#8243; _module_preset=&#8221;default&#8221; global_colors_info=&#8221;{}&#8221;][et_pb_image src=&#8221;https:\/\/peribo.se\/wp-content\/uploads\/2022\/02\/peribo-logo_bygg.png&#8221; title_text=&#8221;peribo-logo_bygg&#8221; align=&#8221;center&#8221; _builder_version=&#8221;4.16.0&#8243; _module_preset=&#8221;default&#8221; width=&#8221;38%&#8221; global_colors_info=&#8221;{}&#8221;][\/et_pb_image][\/et_pb_column][\/et_pb_row][\/et_pb_section][et_pb_section fb_built=&#8221;1&#8243; _builder_version=&#8221;4.16.0&#8243; _module_preset=&#8221;default&#8221; background_color=&#8221;rgba(10,10,10,0.61)&#8221; background_image=&#8221;https:\/\/peribo.se\/wp-content\/uploads\/2022\/04\/DSC_0657-scaled.jpg&#8221; background_blend=&#8221;soft-light&#8221; custom_padding=&#8221;110px||110px||false|false&#8221; global_colors_info=&#8221;{}&#8221;][et_pb_row _builder_version=&#8221;4.16.0&#8243; _module_preset=&#8221;default&#8221; global_colors_info=&#8221;{}&#8221;][et_pb_column type=&#8221;4_4&#8243; _builder_version=&#8221;4.16.0&#8243; _module_preset=&#8221;default&#8221; global_colors_info=&#8221;{}&#8221;][et_pb_text _builder_version=&#8221;4.16.0&#8243; _module_preset=&#8221;default&#8221; global_colors_info=&#8221;{}&#8221;]<\/p>\n<h2 style=\"text-align: center;\"><span style=\"color: #ffffff;\">Ta g\u00e4rna kontakt med oss f\u00f6r mer information om v\u00e5ra tj\u00e4nster!<\/span><\/h2>\n<p>[\/et_pb_text][et_pb_button button_url=&#8221;@ET-DC@eyJkeW5hbWljIjp0cnVlLCJjb250ZW50IjoicG9zdF9saW5rX3VybF9wYWdlIiwic2V0dGluZ3MiOnsicG9zdF9pZCI6IjIxMyJ9fQ==@&#8221; button_text=&#8221;BEG\u00c4R OFFERT&#8221; button_alignment=&#8221;center&#8221; _builder_version=&#8221;4.16.0&#8243; _dynamic_attributes=&#8221;button_url&#8221; _module_preset=&#8221;default&#8221; background_layout=&#8221;dark&#8221; global_colors_info=&#8221;{}&#8221;][\/et_pb_button][\/et_pb_column][\/et_pb_row][\/et_pb_section]<\/p>\n","protected":false},"excerpt":{"rendered":"<p>Om Peribo &nbsp; Peribo startades 2004 som ett fastighetsbolag. Under \u00e5rens lopp har f\u00f6retaget g\u00e5tt fr\u00e5n att vara ett f\u00f6retag som l\u00e4gger tak till att leda enteprenader, stora som sm\u00e5. Vi har v\u00e5ra egna arbetsledare, snickare och m\u00e5lare som inte r\u00e4ds nya utmaningar. Vi har ett rikst\u00e4ckande kontaktn\u00e4t av underentepren\u00f6rer som hj\u00e4lper oss fr\u00e5n start [&hellip;]<\/p>\n","protected":false},"author":1,"featured_media":0,"parent":0,"menu_order":0,"comment_status":"closed","ping_status":"closed","template":"","meta":{"_et_pb_use_builder":"on","_et_pb_old_content":"","_et_gb_content_width":"","footnotes":""},"class_list":["post-48","page","type-page","status-publish","hentry"],"_links":{"self":[{"href":"https:\/\/peribo.se\/index.php?rest_route=\/wp\/v2\/pages\/48","targetHints":{"allow":["GET"]}}],"collection":[{"href":"https:\/\/peribo.se\/index.php?rest_route=\/wp\/v2\/pages"}],"about":[{"href":"https:\/\/peribo.se\/index.php?rest_route=\/wp\/v2\/types\/page"}],"author":[{"embeddable":true,"href":"https:\/\/peribo.se\/index.php?rest_route=\/wp\/v2\/users\/1"}],"replies":[{"embeddable":true,"href":"https:\/\/peribo.se\/index.php?rest_route=%2Fwp%2Fv2%2Fcomments&post=48"}],"version-history":[{"count":11,"href":"https:\/\/peribo.se\/index.php?rest_route=\/wp\/v2\/pages\/48\/revisions"}],"predecessor-version":[{"id":467,"href":"https:\/\/peribo.se\/index.php?rest_route=\/wp\/v2\/pages\/48\/revisions\/467"}],"wp:attachment":[{"href":"https:\/\/peribo.se\/index.php?rest_route=%2Fwp%2Fv2%2Fmedia&parent=48"}],"curies":[{"name":"wp","href":"https:\/\/api.w.org\/{rel}","templated":true}]}}