{"id":108,"date":"2022-04-04T11:06:46","date_gmt":"2022-04-04T11:06:46","guid":{"rendered":"https:\/\/nysida.peribo.se\/?page_id=108"},"modified":"2022-04-27T14:33:42","modified_gmt":"2022-04-27T14:33:42","slug":"renovering-och-rotarbeten","status":"publish","type":"page","link":"https:\/\/peribo.se\/?page_id=108","title":{"rendered":"RENOVERING OCH ROTARBETEN"},"content":{"rendered":"<p>[et_pb_section fb_built=&#8221;1&#8243; _builder_version=&#8221;4.16.0&#8243; _module_preset=&#8221;default&#8221; background_color=&#8221;#4f4f4f&#8221; background_image=&#8221;https:\/\/peribo.se\/wp-content\/uploads\/2022\/04\/solo1.jpg&#8221; background_position=&#8221;top_center&#8221; background_vertical_offset=&#8221;35%&#8221; background_blend=&#8221;soft-light&#8221; custom_margin=&#8221;||0px|||&#8221; custom_padding=&#8221;||292px|||&#8221; global_colors_info=&#8221;{}&#8221;][\/et_pb_section][et_pb_section fb_built=&#8221;1&#8243; _builder_version=&#8221;4.16.0&#8243; _module_preset=&#8221;default&#8221; custom_padding=&#8221;40px||40px||false|false&#8221; global_colors_info=&#8221;{}&#8221;][et_pb_row column_structure=&#8221;1_2,1_2&#8243; _builder_version=&#8221;4.16.0&#8243; _module_preset=&#8221;default&#8221; global_colors_info=&#8221;{}&#8221;][et_pb_column type=&#8221;1_2&#8243; _builder_version=&#8221;4.16.0&#8243; _module_preset=&#8221;default&#8221; global_colors_info=&#8221;{}&#8221;][et_pb_text _builder_version=&#8221;4.16.0&#8243; _module_preset=&#8221;default&#8221; text_text_color=&#8221;#242424&#8243; text_font_size=&#8221;18px&#8221; header_font=&#8221;|600|||||||&#8221; header_font_size=&#8221;33px&#8221; global_colors_info=&#8221;{}&#8221; custom_padding=&#8221;127px|||||&#8221;]<\/p>\n<div data-vc-full-width=\"true\" data-vc-full-width-init=\"true\" class=\"vc_row wpb_row vc_row-fluid\">\n<div class=\"wpb_column vc_column_container vc_col-sm-12\">\n<div class=\"vc_column-inner\">\n<div class=\"wpb_wrapper\">\n<div class=\"wpb_text_column wpb_content_element \">\n<div class=\"wpb_wrapper\">\n<div class=\"wpb_text_column wpb_content_element \">\n<div class=\"wpb_wrapper\">\n<h1 style=\"text-align: left;\">Renovering och ROTarbeten<\/h1>\n<\/div>\n<\/div>\n<div class=\"wpb_text_column wpb_content_element \">\n<div class=\"wpb_wrapper\">\n<p style=\"text-align: left;\">Har du ett gammalt hus som beh\u00f6ver ett lyft? \u00c4r det sv\u00e5rt att veta vart man ska b\u00f6rja? Vi guidar dig och kan hj\u00e4lpa dig med planering och med enteprenaden. Med v\u00e5ra fantistiska underentepren\u00f6rer hj\u00e4lps vi \u00e5ta att ta dig fr\u00e5n start till m\u00e5l.<\/p>\n<\/div>\n<\/div>\n<\/div>\n<\/div>\n<\/div>\n<\/div>\n<\/div>\n<\/div>\n<p>[\/et_pb_text][\/et_pb_column][et_pb_column type=&#8221;1_2&#8243; _builder_version=&#8221;4.16.0&#8243; _module_preset=&#8221;default&#8221; global_colors_info=&#8221;{}&#8221;][et_pb_image src=&#8221;https:\/\/peribo.se\/wp-content\/uploads\/2022\/04\/20200326_081048-scaled.jpg&#8221; title_text=&#8221;20200326_081048&#8243; _builder_version=&#8221;4.16.0&#8243; _module_preset=&#8221;default&#8221; width=&#8221;100%&#8221; max_width=&#8221;100%&#8221; global_colors_info=&#8221;{}&#8221;][\/et_pb_image][\/et_pb_column][\/et_pb_row][\/et_pb_section]<\/p>\n","protected":false},"excerpt":{"rendered":"<p>Renovering och ROTarbeten Har du ett gammalt hus som beh\u00f6ver ett lyft? \u00c4r det sv\u00e5rt att veta vart man ska b\u00f6rja? Vi guidar dig och kan hj\u00e4lpa dig med planering och med enteprenaden. Med v\u00e5ra fantistiska underentepren\u00f6rer hj\u00e4lps vi \u00e5ta att ta dig fr\u00e5n start till m\u00e5l.<\/p>\n","protected":false},"author":1,"featured_media":0,"parent":0,"menu_order":0,"comment_status":"closed","ping_status":"closed","template":"","meta":{"_et_pb_use_builder":"on","_et_pb_old_content":"","_et_gb_content_width":"","footnotes":""},"class_list":["post-108","page","type-page","status-publish","hentry"],"_links":{"self":[{"href":"https:\/\/peribo.se\/index.php?rest_route=\/wp\/v2\/pages\/108","targetHints":{"allow":["GET"]}}],"collection":[{"href":"https:\/\/peribo.se\/index.php?rest_route=\/wp\/v2\/pages"}],"about":[{"href":"https:\/\/peribo.se\/index.php?rest_route=\/wp\/v2\/types\/page"}],"author":[{"embeddable":true,"href":"https:\/\/peribo.se\/index.php?rest_route=\/wp\/v2\/users\/1"}],"replies":[{"embeddable":true,"href":"https:\/\/peribo.se\/index.php?rest_route=%2Fwp%2Fv2%2Fcomments&post=108"}],"version-history":[{"count":6,"href":"https:\/\/peribo.se\/index.php?rest_route=\/wp\/v2\/pages\/108\/revisions"}],"predecessor-version":[{"id":475,"href":"https:\/\/peribo.se\/index.php?rest_route=\/wp\/v2\/pages\/108\/revisions\/475"}],"wp:attachment":[{"href":"https:\/\/peribo.se\/index.php?rest_route=%2Fwp%2Fv2%2Fmedia&parent=108"}],"curies":[{"name":"wp","href":"https:\/\/api.w.org\/{rel}","templated":true}]}}