{"id":101,"date":"2022-04-04T10:59:57","date_gmt":"2022-04-04T10:59:57","guid":{"rendered":"https:\/\/nysida.peribo.se\/?page_id=101"},"modified":"2022-04-27T14:35:57","modified_gmt":"2022-04-27T14:35:57","slug":"bygg-och-entreprenad","status":"publish","type":"page","link":"https:\/\/peribo.se\/?page_id=101","title":{"rendered":"BYGG OCH ENTREPRENAD"},"content":{"rendered":"<p>[et_pb_section fb_built=&#8221;1&#8243; _builder_version=&#8221;4.16.0&#8243; _module_preset=&#8221;default&#8221; background_color=&#8221;#4f4f4f&#8221; background_image=&#8221;https:\/\/peribo.se\/wp-content\/uploads\/2022\/04\/solo1.jpg&#8221; background_position=&#8221;top_center&#8221; background_vertical_offset=&#8221;35%&#8221; background_blend=&#8221;soft-light&#8221; custom_margin=&#8221;||0px|||&#8221; custom_padding=&#8221;||292px|||&#8221; global_colors_info=&#8221;{}&#8221;][\/et_pb_section][et_pb_section fb_built=&#8221;1&#8243; _builder_version=&#8221;4.16.0&#8243; _module_preset=&#8221;default&#8221; custom_padding=&#8221;40px||40px||false|false&#8221; global_colors_info=&#8221;{}&#8221;][et_pb_row column_structure=&#8221;1_2,1_2&#8243; _builder_version=&#8221;4.16.0&#8243; _module_preset=&#8221;default&#8221; global_colors_info=&#8221;{}&#8221;][et_pb_column type=&#8221;1_2&#8243; _builder_version=&#8221;4.16.0&#8243; _module_preset=&#8221;default&#8221; global_colors_info=&#8221;{}&#8221;][et_pb_text _builder_version=&#8221;4.16.0&#8243; _module_preset=&#8221;default&#8221; text_font_size=&#8221;18px&#8221; header_font=&#8221;|600|||||||&#8221; header_font_size=&#8221;33px&#8221; custom_padding=&#8221;137px|||||&#8221; global_colors_info=&#8221;{}&#8221;]<\/p>\n<div data-vc-full-width=\"true\" data-vc-full-width-init=\"true\" class=\"vc_row wpb_row vc_row-fluid\">\n<div class=\"wpb_column vc_column_container vc_col-sm-12\">\n<div class=\"vc_column-inner\">\n<div class=\"wpb_wrapper\">\n<div class=\"wpb_text_column wpb_content_element \">\n<div class=\"wpb_wrapper\">\n<div class=\"wpb_text_column wpb_content_element \">\n<div class=\"wpb_wrapper\">\n<h1 style=\"text-align: left;\">Bygg och entreprenad<\/h1>\n<p>&nbsp;<\/p>\n<\/div>\n<\/div>\n<div class=\"wpb_text_column wpb_content_element \">\n<div class=\"wpb_wrapper\">\n<p style=\"text-align: left;\">Vill du bygga ett nytt hus, ett garage eller vill du ha ett nytt uterum? F\u00f6r oss \u00e4r dina \u00f6nskem\u00e5l viktiga och vi hj\u00e4lper dig med allt, fr\u00e5n f\u00f6rsta spadtag till \u00f6nskat resultat! Vi samordnar alla yrkesgrupper och ser till att det blir utf\u00f6rt efter alla konstens regler!<\/p>\n<\/div>\n<\/div>\n<\/div>\n<\/div>\n<\/div>\n<\/div>\n<\/div>\n<\/div>\n<p>[\/et_pb_text][\/et_pb_column][et_pb_column type=&#8221;1_2&#8243; _builder_version=&#8221;4.16.0&#8243; _module_preset=&#8221;default&#8221; global_colors_info=&#8221;{}&#8221;][et_pb_image src=&#8221;https:\/\/peribo.se\/wp-content\/uploads\/2022\/04\/Bild9-rotated.jpg&#8221; title_text=&#8221;Bild9&#8243; force_fullwidth=&#8221;on&#8221; _builder_version=&#8221;4.16.0&#8243; _module_preset=&#8221;default&#8221; max_height=&#8221;500px&#8221; global_colors_info=&#8221;{}&#8221;][\/et_pb_image][\/et_pb_column][\/et_pb_row][\/et_pb_section]<\/p>\n","protected":false},"excerpt":{"rendered":"<p>Bygg och entreprenad &nbsp; Vill du bygga ett nytt hus, ett garage eller vill du ha ett nytt uterum? F\u00f6r oss \u00e4r dina \u00f6nskem\u00e5l viktiga och vi hj\u00e4lper dig med allt, fr\u00e5n f\u00f6rsta spadtag till \u00f6nskat resultat! Vi samordnar alla yrkesgrupper och ser till att det blir utf\u00f6rt efter alla konstens regler!<\/p>\n","protected":false},"author":1,"featured_media":0,"parent":0,"menu_order":0,"comment_status":"closed","ping_status":"closed","template":"","meta":{"_et_pb_use_builder":"on","_et_pb_old_content":"","_et_gb_content_width":"","footnotes":""},"class_list":["post-101","page","type-page","status-publish","hentry"],"_links":{"self":[{"href":"https:\/\/peribo.se\/index.php?rest_route=\/wp\/v2\/pages\/101","targetHints":{"allow":["GET"]}}],"collection":[{"href":"https:\/\/peribo.se\/index.php?rest_route=\/wp\/v2\/pages"}],"about":[{"href":"https:\/\/peribo.se\/index.php?rest_route=\/wp\/v2\/types\/page"}],"author":[{"embeddable":true,"href":"https:\/\/peribo.se\/index.php?rest_route=\/wp\/v2\/users\/1"}],"replies":[{"embeddable":true,"href":"https:\/\/peribo.se\/index.php?rest_route=%2Fwp%2Fv2%2Fcomments&post=101"}],"version-history":[{"count":7,"href":"https:\/\/peribo.se\/index.php?rest_route=\/wp\/v2\/pages\/101\/revisions"}],"predecessor-version":[{"id":482,"href":"https:\/\/peribo.se\/index.php?rest_route=\/wp\/v2\/pages\/101\/revisions\/482"}],"wp:attachment":[{"href":"https:\/\/peribo.se\/index.php?rest_route=%2Fwp%2Fv2%2Fmedia&parent=101"}],"curies":[{"name":"wp","href":"https:\/\/api.w.org\/{rel}","templated":true}]}}